{"id":104,"date":"2016-03-28T12:29:16","date_gmt":"2016-03-28T12:29:16","guid":{"rendered":"http:\/\/ch-horsemanship.de\/?page_id=104"},"modified":"2016-04-11T08:19:18","modified_gmt":"2016-04-11T08:19:18","slug":"impressum","status":"publish","type":"page","link":"http:\/\/ch-horsemanship.de\/?page_id=104","title":{"rendered":"Impressum"},"content":{"rendered":"<p><strong>Anbieter dieser Internetpr\u00e4senz<\/strong><\/p>\n<p>Christine\u00a0Herbst<br \/>\nEisenbahnstr. 31, 66117 Saarbr\u00fccken<\/p>\n<p><a href=\"mailto:info@ch-horsemanship.de\">info@ch-horsemanship.de<\/a><\/p>\n<p><strong>Rechtliche Hinweise<\/strong><\/p>\n<p>Es wird keine Gew\u00e4hr f\u00fcr die Richtigkeit oder Vollst\u00e4ndigkeit der<br \/>\ngemachten Angaben \u00fcbernommen. \u00c4nderungen und Irrt\u00fcmer bleiben vorbehalten.<\/p>\n<p>S\u00e4mtliche Inhalte des Webangebotes, sowie die grafische und konzeptionelle Ausgestaltung unterliegen dem Copyright der jeweiligen Autoren und d\u00fcrfen ohne deren ausdr\u00fcckliche schriftliche Zustimmung nicht vervielf\u00e4ltigt oder genutzt werden.<\/p>\n<p>Ich\u00a0widerspreche ferner ausdr\u00fccklich der Nutzung s\u00e4mtlicher auf dieser<br \/>\nWebsite ver\u00f6ffentlichter E-Mail-Adressen zum Zwecke der Zusendung<br \/>\nunverlangter Werbebotschaften per E-Mail (sog. &#8222;Spam&#8220;-Mails).<\/p>\n<p>Verweise auf fremde Inhalte (Hyperlinks) stellen ausdr\u00fccklich kein<br \/>\nZueigenmachen der fremden Inhalte im Sinne der Rechtsordnung dar. Die<br \/>\ninhaltliche Verantwortung f\u00fcr fremde HTML-Dokumente, auf die von dieser<br \/>\nWebsite aus verwiesen wird, liegt allein bei den Urhebern der jeweiligen<br \/>\nDokumente.<br \/>\n<b>Disclaimer<\/b><\/p>\n<p><b>1. Content<br \/>\n<\/b>The author reserves the right not to be responsible for the topicality, correctness, completeness or quality of the information provided. Liability claims regarding damage caused by the use of any information provided, including any kind of information which is incomplete or incorrect,will therefore be rejected.<br \/>\nAll offers are not-binding and without obligation. Parts of the pages or the complete publication including all offers and information might be extended, changed or partly or completely deleted by the author without separate announcement.<\/p>\n<p><b>2. Referrals and links<br \/>\n<\/b>The author is not responsible for any contents linked or referred to from his pages &#8211; unless he has full knowledge of illegal contents and would be able to prevent the visitors of his site fromviewing those pages. If any damage occurs by the use of information presented there, only the author of the respective pages might be liable, not the one who has linked to these pages. Furthermore the author is not liable for any postings or messages published by users of discussion boards, guestbooks or mailinglists provided on his page.<\/p>\n<p><b>3. Copyright<br \/>\n<\/b>The author intended not to use any copyrighted material for the publication or, if not possible, to indicate the copyright of the respective object.<br \/>\nThe copyright for any material created by the author is reserved. Any duplication or use of objects such as images, diagrams, sounds or texts in other electronic or printed publications is not permitted without the author&#8217;s agreement.<\/p>\n<p><b>4. Privacy policy<br \/>\n<\/b>If the opportunity for the input of personal or business data (email addresses, name, addresses) is given, the input of these data takes place voluntarily. The use and payment of all offered services are permitted &#8211; if and so far technically possible and reasonable &#8211; without specification of any personal data or under specification of anonymized data or an alias. The use of published postal addresses, telephone or fax numbers and email addresses for marketing purposes is prohibited, offenders sending unwanted spam messages will be punished.<\/p>\n<p><b>5. Legal validity of this disclaimer<br \/>\n<\/b>This disclaimer is to be regarded as part of the internet publication which you were referred from. If sections or individual terms of this statement are not legal or correct, the content or validity of the other parts remain uninfluenced by this fact.<\/p>\n","protected":false},"excerpt":{"rendered":"<p>Anbieter dieser Internetpr\u00e4senz Christine\u00a0Herbst Eisenbahnstr. 31, 66117 Saarbr\u00fccken info@ch-horsemanship.de Rechtliche Hinweise Es wird keine Gew\u00e4hr f\u00fcr die Richtigkeit oder Vollst\u00e4ndigkeit der gemachten Angaben \u00fcbernommen. \u00c4nderungen und Irrt\u00fcmer bleiben vorbehalten. S\u00e4mtliche Inhalte des Webangebotes, sowie die grafische und konzeptionelle Ausgestaltung unterliegen dem Copyright der jeweiligen Autoren und d\u00fcrfen ohne deren ausdr\u00fcckliche schriftliche Zustimmung nicht vervielf\u00e4ltigt oder [&hellip;]<\/p>\n","protected":false},"author":1,"featured_media":0,"parent":0,"menu_order":8,"comment_status":"closed","ping_status":"closed","template":"","meta":{"footnotes":""},"class_list":["post-104","page","type-page","status-publish","hentry"],"_links":{"self":[{"href":"http:\/\/ch-horsemanship.de\/index.php?rest_route=\/wp\/v2\/pages\/104","targetHints":{"allow":["GET"]}}],"collection":[{"href":"http:\/\/ch-horsemanship.de\/index.php?rest_route=\/wp\/v2\/pages"}],"about":[{"href":"http:\/\/ch-horsemanship.de\/index.php?rest_route=\/wp\/v2\/types\/page"}],"author":[{"embeddable":true,"href":"http:\/\/ch-horsemanship.de\/index.php?rest_route=\/wp\/v2\/users\/1"}],"replies":[{"embeddable":true,"href":"http:\/\/ch-horsemanship.de\/index.php?rest_route=%2Fwp%2Fv2%2Fcomments&post=104"}],"version-history":[{"count":4,"href":"http:\/\/ch-horsemanship.de\/index.php?rest_route=\/wp\/v2\/pages\/104\/revisions"}],"predecessor-version":[{"id":593,"href":"http:\/\/ch-horsemanship.de\/index.php?rest_route=\/wp\/v2\/pages\/104\/revisions\/593"}],"wp:attachment":[{"href":"http:\/\/ch-horsemanship.de\/index.php?rest_route=%2Fwp%2Fv2%2Fmedia&parent=104"}],"curies":[{"name":"wp","href":"https:\/\/api.w.org\/{rel}","templated":true}]}}