{"id":114,"date":"2016-03-28T12:45:26","date_gmt":"2016-03-28T12:45:26","guid":{"rendered":"http:\/\/ch-horsemanship.de\/?page_id=114"},"modified":"2019-06-30T18:24:52","modified_gmt":"2019-06-30T18:24:52","slug":"horsemanship","status":"publish","type":"page","link":"http:\/\/ch-horsemanship.de\/?page_id=114","title":{"rendered":"Horsemanship"},"content":{"rendered":"<p style=\"text-align: justify;\"><img loading=\"lazy\" decoding=\"async\" class=\"size-medium wp-image-314 alignright\" src=\"http:\/\/ch-horsemanship.de\/wp-content\/uploads\/2016\/03\/Quarter_Horse_Tivio809212-217x300.jpg\" alt=\"Quarter_Horse_Tivio809212\" width=\"217\" height=\"300\" srcset=\"http:\/\/ch-horsemanship.de\/wp-content\/uploads\/2016\/03\/Quarter_Horse_Tivio809212-217x300.jpg 217w, http:\/\/ch-horsemanship.de\/wp-content\/uploads\/2016\/03\/Quarter_Horse_Tivio809212.jpg 333w\" sizes=\"auto, (max-width: 217px) 100vw, 217px\" \/><\/p>\n<p style=\"text-align: justify;\">Horsemanship \u2013 der nat\u00fcrliche und faire Umgang mit Pferden.<\/p>\n<p style=\"text-align: justify;\">Diese Philosophie ist uralt und trotzdem eine der fortschrittlichsten unserer Zeit. Horsemanship beruht auf dem Wissen um das nat\u00fcrliche Verhalten und die Psyche der Pferde. Horsemanship ist viel umfassender als gew\u00f6hnliche Reitlehren.<\/p>\n<p style=\"text-align: justify;\">Horsemanship lehrt Menschen zu denken wie Pferde und motiviert Pferde zu geistiger und williger Mitarbeit. Dabei wird das gegenseitige Vertrauen gef\u00f6rdert und die Rangordnung auf verst\u00e4ndliche Weise geregelt. Ein Element sind Vertrauens\u00fcbungen, die dem Pferd signalisieren, dass wir seine Freundschaft und\u00a0Partnerschaft anstreben. Dazu benutzen wir die von den Pferden praktizierte K\u00f6rpersprache (streicheln, schubsen, vertreiben). Sobald uns das Pferd als vertrauensw\u00fcrdige und kompetente Wesen erkennt und anerkennt, beginnt es uns zu vertrauen.<\/p>\n<p style=\"text-align: justify;\">Horsemanship widerspricht keiner Reitweise.\u00a0Horsemanship ist vielmehr eine Bereicherung sowohl f\u00fcr klassisch orientierte Reiter als auch f\u00fcr Westernreiter oder diejenigen, die im Gel\u00e4nde einfach spazierenreiten m\u00f6chten.<\/p>\n<p style=\"text-align: justify;\">Das Ziel von Horsemanship ist eine harmonische Partnerschaft, bei der sich Mensch und Pferd gegenseitig Respekt und Vertrauen entgegenbringen und sich durch feine Signale verst\u00e4ndigen k\u00f6nnen.<\/p>\n","protected":false},"excerpt":{"rendered":"<p>Horsemanship \u2013 der nat\u00fcrliche und faire Umgang mit Pferden. Diese Philosophie ist uralt und trotzdem eine der fortschrittlichsten unserer Zeit. Horsemanship beruht auf dem Wissen um das nat\u00fcrliche Verhalten und die Psyche der Pferde. Horsemanship ist viel umfassender als gew\u00f6hnliche Reitlehren. Horsemanship lehrt Menschen zu denken wie Pferde und motiviert Pferde zu geistiger und williger [&hellip;]<\/p>\n","protected":false},"author":1,"featured_media":0,"parent":402,"menu_order":0,"comment_status":"closed","ping_status":"closed","template":"fullwidth-page.php","meta":{"footnotes":""},"class_list":["post-114","page","type-page","status-publish","hentry"],"_links":{"self":[{"href":"http:\/\/ch-horsemanship.de\/index.php?rest_route=\/wp\/v2\/pages\/114","targetHints":{"allow":["GET"]}}],"collection":[{"href":"http:\/\/ch-horsemanship.de\/index.php?rest_route=\/wp\/v2\/pages"}],"about":[{"href":"http:\/\/ch-horsemanship.de\/index.php?rest_route=\/wp\/v2\/types\/page"}],"author":[{"embeddable":true,"href":"http:\/\/ch-horsemanship.de\/index.php?rest_route=\/wp\/v2\/users\/1"}],"replies":[{"embeddable":true,"href":"http:\/\/ch-horsemanship.de\/index.php?rest_route=%2Fwp%2Fv2%2Fcomments&post=114"}],"version-history":[{"count":11,"href":"http:\/\/ch-horsemanship.de\/index.php?rest_route=\/wp\/v2\/pages\/114\/revisions"}],"predecessor-version":[{"id":409,"href":"http:\/\/ch-horsemanship.de\/index.php?rest_route=\/wp\/v2\/pages\/114\/revisions\/409"}],"up":[{"embeddable":true,"href":"http:\/\/ch-horsemanship.de\/index.php?rest_route=\/wp\/v2\/pages\/402"}],"wp:attachment":[{"href":"http:\/\/ch-horsemanship.de\/index.php?rest_route=%2Fwp%2Fv2%2Fmedia&parent=114"}],"curies":[{"name":"wp","href":"https:\/\/api.w.org\/{rel}","templated":true}]}}