{"id":5,"date":"2016-03-27T11:55:57","date_gmt":"2016-03-27T11:55:57","guid":{"rendered":"http:\/\/ch-horsemanship.de\/?page_id=5"},"modified":"2019-06-30T18:27:37","modified_gmt":"2019-06-30T18:27:37","slug":"ueber-mich","status":"publish","type":"page","link":"http:\/\/ch-horsemanship.de\/?page_id=5","title":{"rendered":"\u00dcber mich"},"content":{"rendered":"<p><img loading=\"lazy\" decoding=\"async\" class=\"size-medium wp-image-29 alignright\" src=\"http:\/\/ch-horsemanship.de\/wp-content\/uploads\/2016\/03\/P1010126-2-2-480x640-225x300.jpg\" alt=\"OLYMPUS DIGITAL CAMERA\" width=\"225\" height=\"300\" srcset=\"http:\/\/ch-horsemanship.de\/wp-content\/uploads\/2016\/03\/P1010126-2-2-480x640-225x300.jpg 225w, http:\/\/ch-horsemanship.de\/wp-content\/uploads\/2016\/03\/P1010126-2-2-480x640.jpg 480w\" sizes=\"auto, (max-width: 225px) 100vw, 225px\" \/><\/p>\n<p style=\"text-align: justify;\">Vor \u00fcber 25 Jahren kam ich zum Westernreiten und baute in Jahren 1990 \u2013 1996 eine kleine feine Quarter Horse-Zucht auf.\u00a0Die Aufzucht und Ausbildung von jungen Pferden bis hin zur erfolgreichen Vorstellung in Pr\u00fcfungen machte mir gro\u00dfen Spa\u00df und Freude. Im Laufe dieser Jahre lernte ich\u00a0Pferde immer besser kennen und verstehen.<\/p>\n<p>In dieser Zeit konnte ich von namhaften Trainern wie Jack und Jody Brainard, Brendan Brown, Steffen Breug und Jean-Claude Dysli lernen und mit ihnen trainieren.<\/p>\n<p>Sie alle haben mir Philosophie und Grundlagen der Horsemanship, der harmonischen Partnerschaft zwischen Mensch und Pferd, sowie das Streben nach einem feinen und fairen Miteinander am Boden als auch beim Reiten vermittelt.<\/p>\n<p>Nach meiner aktiven Zeit musste ich berufsbedingt eine Pause einlegen.\u00a0Zehn Jahre sp\u00e4ter konnte ich wieder meinen Quarter Horse Hengst &#8222;Tivio&#8220; zu mir holen. Er forderte und inspirierte mich intensiv mit verschiedenen Ausbildungs- und Arbeitsmethoden auseinander zu setzen: Kappzaum- und Doppellongenarbeit, Handarbeit am Z\u00fcgel,\u00a0Freiarbeit und Zirkuslektionen, Join-up \u2026..<\/p>\n<p>In dieser Phase traf ich auf die \u201eThe gentle Touch\u00ae-Methode\u201c und Peter Kreinberg: www.thegentletouch.de.<\/p>\n<p>Geduldig und konsequent arbeitet Pete mit den Pferden und den Menschen. Sein Programm ist f\u00fcr Pferd und Reiter leicht verst\u00e4ndlich und die Trainingserfolge sind nachhaltig. Besonders beeindruckt und \u00fcberzeugt hat mich die Gelassenheit, der von Pete und nach TGT\u00ae gearbeiteten Pferde.<\/p>\n<p>Die Ausbildung zur TGT\u00ae-Trainerin Bodenschule habe ich mit meiner 3-j\u00e4hrigen Quarter Horse Stute\u00a0&#8222;Bambi&#8220; absolviert und ein Jahr sp\u00e4ter mit ihr die Lizenz zur TGT\u00ae-Trainerin Reiten Basis erworben. Regelm\u00e4\u00dfig nehme ich an Fort- und Weiterbildungen bei Peter und Rika Kreinberg, Bernd Hackl, Dr. Gerd Heuschmann u.a. teil.<\/p>\n<p>Bereits w\u00e4hrend meiner Ausbildung in Bodenschule kamen Pferdebesitzer mit &#8222;Problempferden&#8220; f\u00fcr Training und Unterricht auf mich zu. Heute unterrichte und widme ich mich haupts\u00e4chlich Freizeitreitern, die Probleme mit ihrem Partner Pferd (bei\u00dfen, bocken, durchgehen, steigen, Verladeschwierigkeiten etc.) oder junge Pferde haben.<\/p>\n","protected":false},"excerpt":{"rendered":"<p>Vor \u00fcber 25 Jahren kam ich zum Westernreiten und baute in Jahren 1990 \u2013 1996 eine kleine feine Quarter Horse-Zucht auf.\u00a0Die Aufzucht und Ausbildung von jungen Pferden bis hin zur erfolgreichen Vorstellung in Pr\u00fcfungen machte mir gro\u00dfen Spa\u00df und Freude. Im Laufe dieser Jahre lernte ich\u00a0Pferde immer besser kennen und verstehen. In dieser Zeit konnte [&hellip;]<\/p>\n","protected":false},"author":1,"featured_media":0,"parent":0,"menu_order":4,"comment_status":"closed","ping_status":"closed","template":"fullwidth-page.php","meta":{"footnotes":""},"class_list":["post-5","page","type-page","status-publish","hentry"],"_links":{"self":[{"href":"http:\/\/ch-horsemanship.de\/index.php?rest_route=\/wp\/v2\/pages\/5","targetHints":{"allow":["GET"]}}],"collection":[{"href":"http:\/\/ch-horsemanship.de\/index.php?rest_route=\/wp\/v2\/pages"}],"about":[{"href":"http:\/\/ch-horsemanship.de\/index.php?rest_route=\/wp\/v2\/types\/page"}],"author":[{"embeddable":true,"href":"http:\/\/ch-horsemanship.de\/index.php?rest_route=\/wp\/v2\/users\/1"}],"replies":[{"embeddable":true,"href":"http:\/\/ch-horsemanship.de\/index.php?rest_route=%2Fwp%2Fv2%2Fcomments&post=5"}],"version-history":[{"count":17,"href":"http:\/\/ch-horsemanship.de\/index.php?rest_route=\/wp\/v2\/pages\/5\/revisions"}],"predecessor-version":[{"id":551,"href":"http:\/\/ch-horsemanship.de\/index.php?rest_route=\/wp\/v2\/pages\/5\/revisions\/551"}],"wp:attachment":[{"href":"http:\/\/ch-horsemanship.de\/index.php?rest_route=%2Fwp%2Fv2%2Fmedia&parent=5"}],"curies":[{"name":"wp","href":"https:\/\/api.w.org\/{rel}","templated":true}]}}