{"id":67,"date":"2016-03-28T10:50:45","date_gmt":"2016-03-28T10:50:45","guid":{"rendered":"http:\/\/ch-horsemanship.de\/?page_id=67"},"modified":"2019-06-30T18:22:00","modified_gmt":"2019-06-30T18:22:00","slug":"angebot-2","status":"publish","type":"page","link":"http:\/\/ch-horsemanship.de\/?page_id=67","title":{"rendered":"Angebot"},"content":{"rendered":"<p style=\"text-align: center;\"><span style=\"color: #333333;\">\u00a0<\/span><\/p>\n<p style=\"text-align: center;\"><span style=\"color: #333333;\">Sie m\u00f6chten (wieder) mehr Vergn\u00fcgen beim Reiten?<\/span><\/p>\n<p style=\"text-align: center;\"><span style=\"color: #333333;\">Sie m\u00f6chten\u00a0mehr Sicherheit mit Ihrem\u00a0Pferd\u00a0am Boden und im Sattel?<\/span><\/p>\n<p style=\"text-align: center;\"><span style=\"color: #333333;\">Sie m\u00f6chten ein losgelassenes Pferd, das ausbalanciert und motiviert vorw\u00e4rtsgeht?<\/span><\/p>\n<p style=\"text-align: center;\"><span style=\"color: #333333;\">Ich zeige Ihnen Werkzeuge, wie Sie ohne Zwang und \u00c4rger an Ihr gew\u00fcnschtes Ziel kommen:<\/span><\/p>\n<p style=\"text-align: center;\"><span style=\"color: #333333;\">in Ruhe, mit Leichtigkeit und Logik.<\/span><\/p>\n","protected":false},"excerpt":{"rendered":"<p>\u00a0 Sie m\u00f6chten (wieder) mehr Vergn\u00fcgen beim Reiten? Sie m\u00f6chten\u00a0mehr Sicherheit mit Ihrem\u00a0Pferd\u00a0am Boden und im Sattel? Sie m\u00f6chten ein losgelassenes Pferd, das ausbalanciert und motiviert vorw\u00e4rtsgeht? Ich zeige Ihnen Werkzeuge, wie Sie ohne Zwang und \u00c4rger an Ihr gew\u00fcnschtes Ziel kommen: in Ruhe, mit Leichtigkeit und Logik.<\/p>\n","protected":false},"author":1,"featured_media":0,"parent":0,"menu_order":2,"comment_status":"closed","ping_status":"closed","template":"fullwidth-page.php","meta":{"footnotes":""},"class_list":["post-67","page","type-page","status-publish","hentry"],"_links":{"self":[{"href":"http:\/\/ch-horsemanship.de\/index.php?rest_route=\/wp\/v2\/pages\/67","targetHints":{"allow":["GET"]}}],"collection":[{"href":"http:\/\/ch-horsemanship.de\/index.php?rest_route=\/wp\/v2\/pages"}],"about":[{"href":"http:\/\/ch-horsemanship.de\/index.php?rest_route=\/wp\/v2\/types\/page"}],"author":[{"embeddable":true,"href":"http:\/\/ch-horsemanship.de\/index.php?rest_route=\/wp\/v2\/users\/1"}],"replies":[{"embeddable":true,"href":"http:\/\/ch-horsemanship.de\/index.php?rest_route=%2Fwp%2Fv2%2Fcomments&post=67"}],"version-history":[{"count":26,"href":"http:\/\/ch-horsemanship.de\/index.php?rest_route=\/wp\/v2\/pages\/67\/revisions"}],"predecessor-version":[{"id":545,"href":"http:\/\/ch-horsemanship.de\/index.php?rest_route=\/wp\/v2\/pages\/67\/revisions\/545"}],"wp:attachment":[{"href":"http:\/\/ch-horsemanship.de\/index.php?rest_route=%2Fwp%2Fv2%2Fmedia&parent=67"}],"curies":[{"name":"wp","href":"https:\/\/api.w.org\/{rel}","templated":true}]}}