{"id":94,"date":"2016-03-28T12:03:43","date_gmt":"2016-03-28T12:03:43","guid":{"rendered":"http:\/\/ch-horsemanship.de\/?page_id=94"},"modified":"2019-06-30T18:24:34","modified_gmt":"2019-06-30T18:24:34","slug":"verladetraining","status":"publish","type":"page","link":"http:\/\/ch-horsemanship.de\/?page_id=94","title":{"rendered":"Verladetraining"},"content":{"rendered":"<p>Ihr Pferd geht partout nicht in den H\u00e4nger oder Sie wissen nicht, wie lange Sie\u00a0an &#8222;\u00dcberzeugungsarbeit&#8220; ben\u00f6tigen?<\/p>\n<p>Ein Pferd, das sich nicht verladen l\u00e4sst\u00a0, wenn Sie einen Reitkurs besuchen, auf ein Turnier\u00a0oder mit Pferd\u00a0in die Ferien fahren m\u00f6chten, ist nervig und belastend.<\/p>\n<p>Sein Pferd im Fall einer Verletzung oder Kolik zuverl\u00e4ssig verladen und transportieren zu k\u00f6nnen, kann lebenswichtig sein!<\/p>\n<p>Mit Methode und System ist es ein Leichtes, sein Pferd auf einem zuverl\u00e4ssigen Weg &#8222;verladefromm&#8220; zu machen.<\/p>\n<p>In der Regel gen\u00fcgt dazu ein konzentriertes Training (1,5 \u2013 4 Stunden) und Ihr Pferd l\u00e4sst sich zuverl\u00e4ssig &#8222;<del>verladen&#8220;<\/del> ein- und ausladen.<\/p>\n<p>Bei traumatisierten Pferden muss mit mehreren Trainingseinheiten gerechnet werden.<\/p>\n<p>Um ein nachhaltiges Ergebnis zu erzielen, sind Geduld und Gelassenheit gefordert, die sowohl vom Trainer als auch vom Besitzer mitgebracht werden m\u00fcssen.<\/p>\n","protected":false},"excerpt":{"rendered":"<p>Ihr Pferd geht partout nicht in den H\u00e4nger oder Sie wissen nicht, wie lange Sie\u00a0an &#8222;\u00dcberzeugungsarbeit&#8220; ben\u00f6tigen? Ein Pferd, das sich nicht verladen l\u00e4sst\u00a0, wenn Sie einen Reitkurs besuchen, auf ein Turnier\u00a0oder mit Pferd\u00a0in die Ferien fahren m\u00f6chten, ist nervig und belastend. Sein Pferd im Fall einer Verletzung oder Kolik zuverl\u00e4ssig verladen und transportieren zu [&hellip;]<\/p>\n","protected":false},"author":1,"featured_media":0,"parent":67,"menu_order":5,"comment_status":"closed","ping_status":"closed","template":"fullwidth-page.php","meta":{"footnotes":""},"class_list":["post-94","page","type-page","status-publish","hentry"],"_links":{"self":[{"href":"http:\/\/ch-horsemanship.de\/index.php?rest_route=\/wp\/v2\/pages\/94","targetHints":{"allow":["GET"]}}],"collection":[{"href":"http:\/\/ch-horsemanship.de\/index.php?rest_route=\/wp\/v2\/pages"}],"about":[{"href":"http:\/\/ch-horsemanship.de\/index.php?rest_route=\/wp\/v2\/types\/page"}],"author":[{"embeddable":true,"href":"http:\/\/ch-horsemanship.de\/index.php?rest_route=\/wp\/v2\/users\/1"}],"replies":[{"embeddable":true,"href":"http:\/\/ch-horsemanship.de\/index.php?rest_route=%2Fwp%2Fv2%2Fcomments&post=94"}],"version-history":[{"count":11,"href":"http:\/\/ch-horsemanship.de\/index.php?rest_route=\/wp\/v2\/pages\/94\/revisions"}],"predecessor-version":[{"id":549,"href":"http:\/\/ch-horsemanship.de\/index.php?rest_route=\/wp\/v2\/pages\/94\/revisions\/549"}],"up":[{"embeddable":true,"href":"http:\/\/ch-horsemanship.de\/index.php?rest_route=\/wp\/v2\/pages\/67"}],"wp:attachment":[{"href":"http:\/\/ch-horsemanship.de\/index.php?rest_route=%2Fwp%2Fv2%2Fmedia&parent=94"}],"curies":[{"name":"wp","href":"https:\/\/api.w.org\/{rel}","templated":true}]}}