{"id":190,"date":"2016-03-28T22:42:46","date_gmt":"2016-03-28T22:42:46","guid":{"rendered":"http:\/\/ch-horsemanship.de\/?page_id=190"},"modified":"2016-03-29T20:39:49","modified_gmt":"2016-03-29T20:39:49","slug":"bodenarbeit-3","status":"publish","type":"page","link":"https:\/\/ch-horsemanship.de\/?page_id=190","title":{"rendered":"Bodenarbeit"},"content":{"rendered":"<p><strong>Eine solide Partnerschaft beginnt am Boden.<\/strong><\/p>\n<p>Die Elemente der Bodenschule bauen aufeinander auf und bilden so das Fundament f\u00fcr eine verst\u00e4ndnis- und vertrauensvolle best\u00e4ndige Partnerschaft, getreu dem Motto \u201eMensch und Pferd miteinander\u201c.<\/p>\n<p><strong><br \/>\nHalfterarbeit und F\u00fchrtraining<\/strong><\/p>\n<ul>\n<li>Ihr Pferd lernt am Halfter weich und fein zu folgen (ohne dr\u00e4ngeln, davon rei\u00dfen und verweigern)<\/li>\n<li>Ihr Pferd lernt wann es anhalten und stillstehen (auch unangebunden) soll sowie einzelne K\u00f6rperteile gezielt zu bewegen<\/li>\n<li>Sie lernen die F\u00fchr- und Leitungsrolle zu \u00fcbernehmen<\/li>\n<li>Sie lernen durch eine klare Sprache und Hilfengebung ohne Gewalt angemessen, geordnet und verst\u00e4ndlich zu handeln<\/li>\n<\/ul>\n<p><strong>Leitseilarbeit<\/strong><\/p>\n<ul>\n<li>Ihr Pferd lernt Ihnen immer williger und vertrauensvoller auch auf Distanz zu folgen<\/li>\n<li>Ihr Pferd lernt durch Kontaktimpulse (touchieren, annehmen, nachgeben) sich koordiniert, kontrolliert und agil zu bewegen<\/li>\n<li>Sie lernen die Prinzipien der Ruhe, Angemessenheit und Konsequenz anzuwenden und dadurch die agierende Rolle zu \u00fcbernehmen<\/li>\n<li>Sie lernen in allen Gangarten auf Distanz die Kontrolle \u00fcber Ihr Pferd zu erlangen, die F\u00fchrung zu \u00fcbernehmen und eine vertrauensvolle Partnerschaft zu festigen<\/li>\n<\/ul>\n<p><strong>Handarbeit <\/strong>(Gymnastizierung des Pferdes und Kraftaufbau vom Boden aus)<\/p>\n<ul>\n<li>Arbeit an der Hand (f\u00fcr Ambitionierte), um eine \u201eleichte\u201c und \u201efeine\u201c Hilfengebung mit Trense und Gerte zu entwickeln<\/li>\n<li>Doppel- und Einfachlongenarbeit mit Trense und Kappzaum<\/li>\n<\/ul>\n<p><strong>Antischrecktraining und Desensibilisierung<\/strong><\/p>\n<ul>\n<li>Ihr Pferd lernt Reize oder \u201egef\u00e4hrliche\u201c Gegenst\u00e4nde, wie Plastiks\u00e4cke, Planen, Fliegen-Spray im Stand und in Bewegung zu akzeptieren<\/li>\n<li>Ihr Pferd lernt auch in ungewohnten und stressigen Situationen sich von Ihnen leiten und kontrollieren zu lassen<\/li>\n<li>Sie lernen systematisch Ihr Pferd auf \u201eSchrecksituationen\u201c angemessen und kontrolliert vorzubereiten<\/li>\n<li>Sie lernen in Stresssituationen ruhig, gelassen und kontrolliert zu agieren<\/li>\n<\/ul>\n<p><strong>Bodenarbeit ist nicht nur Grundlage f\u00fcr ein respekt- und vertrauenvolles Miteinander, sondern ist auch Vorbereitung zum Reiten bzw. um die Reiteigenschaften\u00a0der Pferde sp\u00fcrbar zu verbessern.<\/strong><\/p>\n<pre><\/pre>\n","protected":false},"excerpt":{"rendered":"<p>Eine solide Partnerschaft beginnt am Boden. Die Elemente der Bodenschule bauen aufeinander auf und bilden so das Fundament f\u00fcr eine verst\u00e4ndnis- und vertrauensvolle best\u00e4ndige Partnerschaft, getreu dem Motto \u201eMensch und Pferd miteinander\u201c. Halfterarbeit und F\u00fchrtraining Ihr Pferd lernt am Halfter weich und fein zu folgen (ohne dr\u00e4ngeln, davon rei\u00dfen und verweigern) Ihr Pferd lernt wann [&hellip;]<\/p>\n","protected":false},"author":1,"featured_media":101,"parent":67,"menu_order":1,"comment_status":"closed","ping_status":"closed","template":"fullwidth-page.php","meta":{"footnotes":""},"class_list":["post-190","page","type-page","status-publish","has-post-thumbnail","hentry"],"_links":{"self":[{"href":"https:\/\/ch-horsemanship.de\/index.php?rest_route=\/wp\/v2\/pages\/190","targetHints":{"allow":["GET"]}}],"collection":[{"href":"https:\/\/ch-horsemanship.de\/index.php?rest_route=\/wp\/v2\/pages"}],"about":[{"href":"https:\/\/ch-horsemanship.de\/index.php?rest_route=\/wp\/v2\/types\/page"}],"author":[{"embeddable":true,"href":"https:\/\/ch-horsemanship.de\/index.php?rest_route=\/wp\/v2\/users\/1"}],"replies":[{"embeddable":true,"href":"https:\/\/ch-horsemanship.de\/index.php?rest_route=%2Fwp%2Fv2%2Fcomments&post=190"}],"version-history":[{"count":5,"href":"https:\/\/ch-horsemanship.de\/index.php?rest_route=\/wp\/v2\/pages\/190\/revisions"}],"predecessor-version":[{"id":229,"href":"https:\/\/ch-horsemanship.de\/index.php?rest_route=\/wp\/v2\/pages\/190\/revisions\/229"}],"up":[{"embeddable":true,"href":"https:\/\/ch-horsemanship.de\/index.php?rest_route=\/wp\/v2\/pages\/67"}],"wp:featuredmedia":[{"embeddable":true,"href":"https:\/\/ch-horsemanship.de\/index.php?rest_route=\/wp\/v2\/media\/101"}],"wp:attachment":[{"href":"https:\/\/ch-horsemanship.de\/index.php?rest_route=%2Fwp%2Fv2%2Fmedia&parent=190"}],"curies":[{"name":"wp","href":"https:\/\/api.w.org\/{rel}","templated":true}]}}