{"id":196,"date":"2016-03-28T22:49:59","date_gmt":"2016-03-28T22:49:59","guid":{"rendered":"http:\/\/ch-horsemanship.de\/?page_id=196"},"modified":"2016-04-13T21:51:19","modified_gmt":"2016-04-13T21:51:19","slug":"angstfrei-reiten-2","status":"publish","type":"page","link":"https:\/\/ch-horsemanship.de\/?page_id=196","title":{"rendered":"Angstfrei Reiten"},"content":{"rendered":"<p>Mulmiges Gef\u00fchl, wenn Sie mit Ihrem Pferd zusammen sind oder im Gel\u00e4nde unterwegs sind?<\/p>\n<p>Verzichten Sie deshalb schon mal auf einen Ausritt, weil Ihr Pferd im Gel\u00e4nde sehr schreckhaft ist oder gerne durchgeht?<\/p>\n<p>Sicherlich ist ein gesunder Respekt rund um die Pferde von Vorteil. Jedoch Respekt getrieben aus Angst ist im Alltag eine Belastung.<\/p>\n<p>Im Umgang mit Pferden \u00fcbertr\u00e4gt sich unsere Angst\u00a0auf diese sensiblen Tiere und\u00a0es kommt zu gef\u00e4hrlichen Situationen.<\/p>\n<p><img loading=\"lazy\" decoding=\"async\" class=\"size-medium wp-image-33 alignleft\" src=\"http:\/\/ch-horsemanship.de\/wp-content\/uploads\/2016\/03\/P1010192-2-2-640x480-300x225.jpg\" alt=\"OLYMPUS DIGITAL CAMERA\" width=\"300\" height=\"225\" srcset=\"https:\/\/ch-horsemanship.de\/wp-content\/uploads\/2016\/03\/P1010192-2-2-640x480-300x225.jpg 300w, https:\/\/ch-horsemanship.de\/wp-content\/uploads\/2016\/03\/P1010192-2-2-640x480.jpg 640w\" sizes=\"auto, (max-width: 300px) 100vw, 300px\" \/><\/p>\n<p>Mit Erfahrungen und viel\u00a0Verst\u00e4ndnis f\u00fcr\u00a0die Angst beim Reiten oder auch schon im Umgang mit Ihrem Pferd\u00a0zeige ich Ihnen Wege und Techniken auf, um<\/p>\n<ul>\n<li>&#8211; sich der Angst zu stellen<\/li>\n<li>&#8211; die Angst zu \u00fcberwinden<\/li>\n<li>&#8211; wieder Vertrauen in ihr Pferd und Ihre eigenen\u00a0F\u00e4higkeiten zu gewinnen<\/li>\n<li>&#8211; schwierige Situationen im Umgang mit den Pferden\u00a0meistern zu k\u00f6nnen.<\/li>\n<\/ul>\n<p>Systematisch und methodisch unterst\u00fctze ich Sie damit Sie wieder mit Freude und einfach Angstfrei Reiten!<\/p>\n<p>Ausritte wieder genie\u00dfen und mit Situationen, die Herzklopfen und Beklemmung\u00a0bereiten, wieder normal umgehen k\u00f6nnen.<\/p>\n<p>Hierzu stehe ich Ihnen gerne auch mit <strong><em>Unterricht und Training im Gel\u00e4nde<\/em><\/strong> zur Verf\u00fcgung.<\/p>\n<p>Dabei orientiere ich\u00a0mich an den Bed\u00fcrfnissen und M\u00f6glichkeiten von Pferd und Reiter.<\/p>\n","protected":false},"excerpt":{"rendered":"<p>Mulmiges Gef\u00fchl, wenn Sie mit Ihrem Pferd zusammen sind oder im Gel\u00e4nde unterwegs sind? Verzichten Sie deshalb schon mal auf einen Ausritt, weil Ihr Pferd im Gel\u00e4nde sehr schreckhaft ist oder gerne durchgeht? Sicherlich ist ein gesunder Respekt rund um die Pferde von Vorteil. Jedoch Respekt getrieben aus Angst ist im Alltag eine Belastung. Im [&hellip;]<\/p>\n","protected":false},"author":1,"featured_media":0,"parent":67,"menu_order":3,"comment_status":"closed","ping_status":"closed","template":"fullwidth-page.php","meta":{"footnotes":""},"class_list":["post-196","page","type-page","status-publish","hentry"],"_links":{"self":[{"href":"https:\/\/ch-horsemanship.de\/index.php?rest_route=\/wp\/v2\/pages\/196","targetHints":{"allow":["GET"]}}],"collection":[{"href":"https:\/\/ch-horsemanship.de\/index.php?rest_route=\/wp\/v2\/pages"}],"about":[{"href":"https:\/\/ch-horsemanship.de\/index.php?rest_route=\/wp\/v2\/types\/page"}],"author":[{"embeddable":true,"href":"https:\/\/ch-horsemanship.de\/index.php?rest_route=\/wp\/v2\/users\/1"}],"replies":[{"embeddable":true,"href":"https:\/\/ch-horsemanship.de\/index.php?rest_route=%2Fwp%2Fv2%2Fcomments&post=196"}],"version-history":[{"count":9,"href":"https:\/\/ch-horsemanship.de\/index.php?rest_route=\/wp\/v2\/pages\/196\/revisions"}],"predecessor-version":[{"id":538,"href":"https:\/\/ch-horsemanship.de\/index.php?rest_route=\/wp\/v2\/pages\/196\/revisions\/538"}],"up":[{"embeddable":true,"href":"https:\/\/ch-horsemanship.de\/index.php?rest_route=\/wp\/v2\/pages\/67"}],"wp:attachment":[{"href":"https:\/\/ch-horsemanship.de\/index.php?rest_route=%2Fwp%2Fv2%2Fmedia&parent=196"}],"curies":[{"name":"wp","href":"https:\/\/api.w.org\/{rel}","templated":true}]}}