{"id":442,"date":"2019-06-30T13:43:32","date_gmt":"2019-06-30T13:43:32","guid":{"rendered":"http:\/\/ch-horsemanship.de\/?page_id=442"},"modified":"2019-06-30T18:00:17","modified_gmt":"2019-06-30T18:00:17","slug":"veranstaltungsuebersicht","status":"publish","type":"page","link":"https:\/\/ch-horsemanship.de\/?page_id=442","title":{"rendered":"Veranstaltungs\u00fcbersicht"},"content":{"rendered":"\n<p><strong>07. Juli 2019 Equitana OPEN AIR\u00a0\u2013 Mannheim <\/strong><br> TGT<sup>\u00ae<\/sup>-Methode Messestand &amp; PK-Sattelstand<\/p>\n\n\n\n<p><strong>23. &#8211; 25. August 2019<\/strong> <strong>Mustang Makeover <\/strong><br> TGT<sup>\u00ae<\/sup>-Methode Messestand &amp; PK-Sattelstand                                                    CHIO Aachen-Gel\u00e4nde, 73786 Aachen <\/p>\n\n\n\n<p><strong>01. Mai 2019 &#8222;get smart&#8220; | KREINBERG Sattelseminar f\u00fcr Pferdebesitzer<\/strong><br> Tages-Workshop zum Thema Besattlung mit Peter und Rika Kreinberg <br> Info- &amp; Aufkl\u00e4rungs-Seminar (praktische Inhalte \/ mit Pferden)<br> El establo Rosenhof, Rosenhof 1, 50129 Bergheim<\/p>\n\n\n\n<p><strong>27. &#8211; 28.10.2018 &#8222;Einfach richtig reiten&#8220;<\/strong> in Alsfeld<\/p>\n\n\n\n<p><strong>19.10.2018 Zuschauer-Abend mit Peter Kreinberg<\/strong> El establo Rosenhof, Rosenhof 1, 50129 Bergheim<\/p>\n\n\n\n<p><strong>08. Juli 2017 Cavallo-Academy am TGT\u00ae-Stand<\/strong> in M\u00f6nchengladbach<\/p>\n\n\n\n<p><strong>29. April 2017 Zuschauer-Abend mit Peter Kreinberg<\/strong> Hunackerhof, 66399 Mandelbachtal<\/p>\n\n\n\n<p><strong>21. M\u00e4rz 2017 Equitana<\/strong> Halle 7 Horsemanstand<\/p>\n\n\n\n<p><strong>10. Juni 2016 Zuschauer-Abend mit Peter Kreinberg, <\/strong>67816 Standenb\u00fchl ; m<\/p>\n","protected":false},"excerpt":{"rendered":"<p>07. Juli 2019 Equitana OPEN AIR\u00a0\u2013 Mannheim TGT\u00ae-Methode Messestand &amp; PK-Sattelstand 23. &#8211; 25. August 2019 Mustang Makeover TGT\u00ae-Methode Messestand &amp; PK-Sattelstand CHIO Aachen-Gel\u00e4nde, 73786 Aachen 01. Mai 2019 &#8222;get smart&#8220; | KREINBERG Sattelseminar f\u00fcr Pferdebesitzer Tages-Workshop zum Thema Besattlung mit Peter und Rika Kreinberg Info- &amp; Aufkl\u00e4rungs-Seminar (praktische Inhalte \/ mit Pferden) El establo [&hellip;]<\/p>\n","protected":false},"author":1,"featured_media":0,"parent":347,"menu_order":0,"comment_status":"closed","ping_status":"closed","template":"","meta":{"footnotes":""},"class_list":["post-442","page","type-page","status-publish","hentry"],"_links":{"self":[{"href":"https:\/\/ch-horsemanship.de\/index.php?rest_route=\/wp\/v2\/pages\/442","targetHints":{"allow":["GET"]}}],"collection":[{"href":"https:\/\/ch-horsemanship.de\/index.php?rest_route=\/wp\/v2\/pages"}],"about":[{"href":"https:\/\/ch-horsemanship.de\/index.php?rest_route=\/wp\/v2\/types\/page"}],"author":[{"embeddable":true,"href":"https:\/\/ch-horsemanship.de\/index.php?rest_route=\/wp\/v2\/users\/1"}],"replies":[{"embeddable":true,"href":"https:\/\/ch-horsemanship.de\/index.php?rest_route=%2Fwp%2Fv2%2Fcomments&post=442"}],"version-history":[{"count":6,"href":"https:\/\/ch-horsemanship.de\/index.php?rest_route=\/wp\/v2\/pages\/442\/revisions"}],"predecessor-version":[{"id":536,"href":"https:\/\/ch-horsemanship.de\/index.php?rest_route=\/wp\/v2\/pages\/442\/revisions\/536"}],"up":[{"embeddable":true,"href":"https:\/\/ch-horsemanship.de\/index.php?rest_route=\/wp\/v2\/pages\/347"}],"wp:attachment":[{"href":"https:\/\/ch-horsemanship.de\/index.php?rest_route=%2Fwp%2Fv2%2Fmedia&parent=442"}],"curies":[{"name":"wp","href":"https:\/\/api.w.org\/{rel}","templated":true}]}}